{"id":2114,"date":"2016-10-07T10:27:43","date_gmt":"2016-10-07T10:27:43","guid":{"rendered":"http:\/\/finance.bold-themes.com\/main-demo\/?page_id=2114"},"modified":"2023-12-20T21:47:21","modified_gmt":"2023-12-20T21:47:21","slug":"investment-consultants","status":"publish","type":"page","link":"https:\/\/iqfabs.com\/en\/","title":{"rendered":"Home"},"content":{"rendered":"<section id=\"bt_section69e21eb30c504\" data-parallax=\"0.4\" data-parallax-offset=\"0\" class=\"boldSection btDivider topExtraSmallSpaced bottomExtraSmallSpaced btDarkSkin gutter btTopVertical btParallax\" style=\"background-color:#f4f4f4;\"><div class=\"port\"><div class=\"boldCell\"><div class=\"boldCellInner\"><div class=\"boldRow\" ><div class=\"boldRowInner\"><div class=\"rowItem col-md-12 col-ms-12  btTextLeft inherit btNoPadding\"  data-width=\"12\"><div class=\"rowItemContent\" ><div class=\"slided fixedSliderHeight btSliderHideArrows\"  data-slick='{\"autoplay\":true,\"autoplaySpeed\":5000,\"pauseOnHover\":false,\"pauseOnDotsHover\":true}' data-simple_arrows=\"no\"><div class=\"slidedItem firstItem\"  data-thumb=\"https:\/\/iqfabs.com\/wp-content\/uploads\/2022\/10\/cba-live-assist-slider-640x200.jpg\"><div class=\"btSliderPort wBackground cover\" style=\"background-image: url('https:\/\/iqfabs.com\/wp-content\/uploads\/2022\/10\/cba-live-assist-slider.jpg')\"><div class=\"btSliderCell\" data-slick=\"yes\"><div class=\"btSlideGutter\"><div class=\"btSlidePane\"><div class=\"boldRow\" ><div class=\"boldRowInner\"><div class=\"rowItem rowInnerItem col-sm-8  btTextLeft\"  ><div class=\"rowItemContent\"><\/div><\/div><div class=\"rowItem rowInnerItem col-sm-4  btTextLeft inherit btTextIndent\" style=\"background-color: rgba(0, 0, 0, 0.5);\" ><div class=\"rowItemContent\"><div class=\"btClear btSeparator topSmallSpaced noBorder\" ><hr><\/div><header class=\"header btClear medium btDash bottomDash\" ><div class=\"dash\"><h3><span class=\"headline\">CBA Live Assist<\/span><\/h3><\/div><div class=\"btSubTitle\">M\u00fc\u015fterilerimizin ihtiya\u00e7lar\u0131na ba\u015far\u0131 getiren bir sistem entegrasyon ekibiyiz. Ekibimiz, m\u00fc\u015fterilerimizin i\u00e7 ve d\u0131\u015f s\u00fcre\u00e7lerini kolayla\u015ft\u0131rmak i\u00e7in herhangi bir sistemi sorunsuz bir \u015fekilde entegre etmek \u00fczere \u00e7al\u0131\u015fmaktad\u0131r.\r<br><\/div><\/header><a href=\"https:\/\/iqfabs.com\/en\/servislerimiz\/cba-live-assist\/\" class=\"btBtn btBtn btnFilledStyle btnAlternateColor btnSmall btnNormalWidth btnRightPosition btnNoIcon\" ><span class=\"btnInnerText\">DETAILED INFO<\/span><\/a><div class=\"btClear btSeparator topSmallSpaced noBorder\" ><hr><\/div><\/div><\/div><\/div><\/div><\/div><\/div><\/div><\/div><\/div><div class=\"slidedItem firstItem\"  data-thumb=\"https:\/\/iqfabs.com\/wp-content\/uploads\/2022\/10\/project-management-slider-640x200.jpg\"><div class=\"btSliderPort wBackground cover\" style=\"background-image: url('https:\/\/iqfabs.com\/wp-content\/uploads\/2022\/10\/project-management-slider.jpg')\"><div class=\"btSliderCell\" data-slick=\"yes\"><div class=\"btSlideGutter\"><div class=\"btSlidePane\"><div class=\"boldRow\" ><div class=\"boldRowInner\"><div class=\"rowItem rowInnerItem col-sm-4  btTextLeft inherit btTextIndent\" style=\"background-color: rgba(0, 0, 0, 0.7);\" ><div class=\"rowItemContent\"><div class=\"btClear btSeparator topSmallSpaced noBorder\" ><hr><\/div><header class=\"header btClear medium btDash bottomDash\" ><div class=\"dash\"><h3><span class=\"headline\">Project Management<\/span><\/h3><\/div><div class=\"btSubTitle\">Yaz\u0131l\u0131m projelerini y\u00f6netmek, en iyi ko\u015fullarda dahi zordur. Proje y\u00f6neticisi, payda\u015flar\u0131n ilgilerini, s\u0131n\u0131rl\u0131 kaynak ve zaman k\u0131s\u0131tlamalar\u0131n\u0131, s\u00fcrekli de\u011fi\u015fen teknolojileri ve y\u00fcksek bask\u0131 alt\u0131nda gelen zorlu talepleri dengelemek zorundad\u0131r.\r<br><\/div><\/header><a href=\"https:\/\/iqfabs.com\/en\/servislerimiz\/proje-yonetimi\/\" class=\"btBtn btBtn btnFilledStyle btnAlternateColor btnSmall btnNormalWidth btnRightPosition btnNoIcon\" ><span class=\"btnInnerText\">DETAILED INFO<\/span><\/a><div class=\"btClear btSeparator bottomSmallSpaced noBorder\" ><hr><\/div><\/div><\/div><div class=\"rowItem rowInnerItem col-sm-8  btTextLeft\"  ><div class=\"rowItemContent\"><\/div><\/div><\/div><\/div><\/div><\/div><\/div><\/div><\/div><\/div><\/div><\/div><\/div><\/div><div class=\"boldRow\" ><div class=\"boldRowInner\"><div class=\"rowItem col-md-12 col-ms-12  btTextLeft btMiddleVertical btTextIndent\"  data-width=\"12\"><div class=\"rowItemContent\" ><div class=\"btClear btSeparator bottomSmallSpaced border\" ><hr><\/div><\/div><\/div><\/div><\/div><\/div><\/div><\/div><\/section><section id=\"bt_section69e21eb30d325\"  class=\"boldSection btDivider topSemiSpaced bottomSemiSpaced gutter inherit\" ><div class=\"port\"><div class=\"boldCell\"><div class=\"boldCellInner\"><div class=\"boldRow\" ><div class=\"boldRowInner\"><div class=\"rowItem col-md-6 col-sm-12 btTextLeft inherit btDoublePadding\"  data-width=\"6\"><div class=\"rowItemContent\" ><div class=\"btClear btSeparator bottomSmallSpaced noBorder\" ><hr><\/div><header class=\"header btClear medium\" ><div class=\"dash\"><h3><span class=\"headline\">M\u00fc\u015fteri etkile\u015fiminizi art\u0131r\u0131n<\/span><\/h3><\/div><div class=\"btSubTitle\">Web sitenizden veya uygulaman\u0131zdan g\u00fcvenli bir \u015fekilde ortak belge tarama, sesli ve g\u00f6r\u00fcnt\u00fcl\u00fc ileti\u015fim konusunda M\u00fc\u015fterilerinize ba\u011flan\u0131n ve yard\u0131mc\u0131 olun.<\/div><\/header><div class=\"btClear btSeparator bottomSemiSpaced noBorder\" ><hr><\/div><\/div><\/div><div class=\"rowItem col-md-6 col-sm-12 btTextLeft btMiddleVertical\"  data-width=\"6\"><div class=\"rowItemContent\" ><div class=\"btText\" ><p><iframe loading=\"lazy\" title=\"CBA Live Assist\" src=\"https:\/\/www.youtube.com\/embed\/a2-5MNzk_P8\" width=\"600\" height=\"338\" frameborder=\"0\" allowfullscreen=\"allowfullscreen\"><\/iframe><\/p>\n<\/div><\/div><\/div><\/div><\/div><div class=\"boldRow\" ><div class=\"boldRowInner\"><div class=\"rowItem col-md-6 col-sm-12 btTextLeft btMiddleVertical\"  data-width=\"6\"><div class=\"rowItemContent\" ><div class=\"bpgPhoto\" ><div class = \"btImage\"><img decoding=\"async\" src=\"https:\/\/iqfabs.com\/wp-content\/uploads\/2023\/12\/cobrowsing-liveassist.jpg\" alt=\"\" title=\"\"><\/div><\/div><\/div><\/div><div class=\"rowItem col-md-6 col-sm-12 btTextLeft inherit btDoublePadding\"  data-width=\"6\"><div class=\"rowItemContent\" ><div class=\"btClear btSeparator bottomSmallSpaced noBorder\" ><hr><\/div><header class=\"header btClear medium\" ><div class=\"dash\"><h3><span class=\"headline\">CBA Canl\u0131 Yard\u0131m Nedir?<\/span><\/h3><\/div><div class=\"btSubTitle\">CBA Canl\u0131 Yard\u0131m; m\u00fc\u015fteri temsilcileri ile m\u00fc\u015fterilerin online olarak i\u015fbirli\u011fi yapmas\u0131na olanak tan\u0131yan \u00e7\u00f6z\u00fcm. Kullan\u0131c\u0131lar, sesli ve g\u00f6r\u00fcnt\u00fcl\u00fc g\u00f6r\u00fc\u015fme yaparken, m\u00fc\u015fteri temsilcilerinin WEB sitelerinde veya uygulamalar\u0131nda m\u00fc\u015fterilerine rehberlik etmelerine izin veren bir sistemdir.\r<br><\/div><\/header><header class=\"header btClear medium\" ><div class=\"dash\"><h3><span class=\"headline\">Birlikte Belge tarama<\/span><\/h3><\/div><div class=\"btSubTitle\">Birlikte g\u00f6z atma ile m\u00fc\u015fterilerinizin formlar\u0131 doldurmas\u0131na, web sitenizde gezinmesine, do\u011fru sayfay\u0131 veya \u00fcr\u00fcn\u00fc bulmas\u0131na, bir \u00fcr\u00fcn veya hizmet sat\u0131n almas\u0131na, bir cihaz\u0131n veya uygulaman\u0131n \u00f6zelliklerini g\u00f6stermesine ve \u00e7ok daha fazlas\u0131na yard\u0131mc\u0131 olabilirsiniz. M\u00fc\u015fterilerinize do\u011frudan sitenizden g\u00f6sterip anlatmak hi\u00e7 bu kadar kolay olmam\u0131\u015ft\u0131.<\/div><\/header><div class=\"btClear btSeparator bottomSemiSpaced noBorder\" ><hr><\/div><\/div><\/div><\/div><\/div><div class=\"boldRow\" ><div class=\"boldRowInner\"><div class=\"rowItem col-md-6 col-sm-12 btTextLeft inherit btDoublePadding\"  data-width=\"6\"><div class=\"rowItemContent\" ><div class=\"btClear btSeparator bottomSmallSpaced noBorder\" ><hr><\/div><header class=\"header btClear medium\" ><div class=\"dash\"><h3><span class=\"headline\">Eksiksiz b\u00fct\u00fcnle\u015fme<\/span><\/h3><\/div><div class=\"btSubTitle\">CBA Live Assist halihaz\u0131rda kullanmakta oldu\u011funuz uygulamalarla entegre olur. CBA Live Assist, CISCO Sertifikal\u0131d\u0131r ve Avaya Uyumludur .\r<br>\r<br>M\u00fchendislerimiz CBA LIVE ASSIST&#8217;i ortam\u0131n\u0131za entegre ederek bunu kolayla\u015ft\u0131rman\u0131za yard\u0131mc\u0131 olacakt\u0131r.<\/div><\/header><div class=\"btClear btSeparator bottomSemiSpaced noBorder\" ><hr><\/div><\/div><\/div><div class=\"rowItem col-md-6 col-sm-12 btTextLeft btMiddleVertical\"  data-width=\"6\"><div class=\"rowItemContent\" ><div class=\"bpgPhoto\" ><div class = \"btImage\"><img decoding=\"async\" src=\"https:\/\/iqfabs.com\/wp-content\/uploads\/2023\/12\/cba-live-assist-flexible-solution-768x513-1.png\" alt=\"\" title=\"\"><\/div><\/div><\/div><\/div><\/div><\/div><div class=\"boldRow\" ><div class=\"boldRowInner\"><\/div><\/div><\/div><\/div><\/div><\/section>","protected":false},"excerpt":{"rendered":"","protected":false},"author":1,"featured_media":0,"parent":0,"menu_order":0,"comment_status":"closed","ping_status":"closed","template":"","meta":{"footnotes":""},"class_list":["post-2114","page","type-page","status-publish","hentry"],"_links":{"self":[{"href":"https:\/\/iqfabs.com\/en\/wp-json\/wp\/v2\/pages\/2114","targetHints":{"allow":["GET"]}}],"collection":[{"href":"https:\/\/iqfabs.com\/en\/wp-json\/wp\/v2\/pages"}],"about":[{"href":"https:\/\/iqfabs.com\/en\/wp-json\/wp\/v2\/types\/page"}],"author":[{"embeddable":true,"href":"https:\/\/iqfabs.com\/en\/wp-json\/wp\/v2\/users\/1"}],"replies":[{"embeddable":true,"href":"https:\/\/iqfabs.com\/en\/wp-json\/wp\/v2\/comments?post=2114"}],"version-history":[{"count":209,"href":"https:\/\/iqfabs.com\/en\/wp-json\/wp\/v2\/pages\/2114\/revisions"}],"predecessor-version":[{"id":2411,"href":"https:\/\/iqfabs.com\/en\/wp-json\/wp\/v2\/pages\/2114\/revisions\/2411"}],"wp:attachment":[{"href":"https:\/\/iqfabs.com\/en\/wp-json\/wp\/v2\/media?parent=2114"}],"curies":[{"name":"wp","href":"https:\/\/api.w.org\/{rel}","templated":true}]}}