{"id":2313,"date":"2021-03-06T10:20:55","date_gmt":"2021-03-06T10:20:55","guid":{"rendered":"https:\/\/iqfabs.com\/?page_id=2313"},"modified":"2021-11-05T05:02:40","modified_gmt":"2021-11-05T05:02:40","slug":"cba-live-assist","status":"publish","type":"page","link":"https:\/\/iqfabs.com\/en\/servislerimiz\/bilgi-teknolojileri\/cba-live-assist\/","title":{"rendered":"CBA LIVE ASSIST"},"content":{"rendered":"<section id=\"bt_section69e2351279c64\"  class=\"boldSection topExtraSmallSpaced bottomExtraSmallSpaced btLightSkin gutter inherit\" ><div class=\"port\"><div class=\"boldCell\"><div class=\"boldCellInner\"><div class=\"boldRow\" ><div class=\"boldRowInner\"><div class=\"rowItem col-md-12 col-ms-12  btTextLeft animate animate-fadein inherit\"  data-width=\"12\"><div class=\"rowItemContent\" ><div class=\"bpgPhoto\" ><div class = \"btImage\"><img decoding=\"async\" src=\"https:\/\/iqfabs.com\/wp-content\/uploads\/2021\/04\/woman-with-headphones-working-in-call-centre-5LWBM3G-scaled.jpg\" alt=\"\" title=\"Woman with headphones working in call centre\"><\/div><\/div><header class=\"header btClear huge\" ><div class=\"btSuperTitle\"><span>Enhance your customer communication<\/span><\/div><div class=\"dash\"><h1><span class=\"headline\">CBA Live Assist<\/span><\/h1><\/div><div class=\"btSubTitle\">Boost your customer engagement.\nInterpersonal connections with customers require various kinds of communication.\nCBA LIVE ASSIST can bring about seamless, online customer communication, providing basic channels such as audio and video chats, along with advanced functions, including co-browsing and form filling.\nLeverage the powerful WebRTC-based features of CBA Live Assist to maximize customer experiences.<\/div><\/header><div class=\"btClear btSeparator bottomSemiSpaced noBorder\" ><hr><\/div><div class=\"boldRow\" ><div class=\"boldRowInner\"><div class=\"rowItem rowInnerItem col-sm-4  btTextLeft\"  ><div class=\"rowItemContent\"><div class=\"btClear btSeparator bottomSmallSpaced noBorder\" ><hr><\/div><div class=\"servicesItem  btIcoAccentColorIcon btIcoExtraSmallSizeIcon\"><div class=\"sIcon\"><span class=\"btIco btIcoExtraSmallSize btIcoDefaultType btIcoAccentColor\"><span  data-ico-bs=\"&#xf18d;\" class=\"btIcoHolder\"><\/span><\/span><\/div><div class=\"sTxt\"><header class=\"header btClear small\" ><div class=\"btSuperTitle\"><span>Smooth, tailored migration from Cisco\u2019s REM<\/span><\/div><div class=\"dash\"><\/div><div class=\"btSubTitle\">Cisco\u2019s Remote Expert Mobile (REM) has been discontinued as an end-of-sale product. If you are looking for an alternative product, CBA Live Assist is the answer for you. It has the exact same functionality as REM. CBA Live Assist will serve as the perfect solution, providing the best migration experience.<\/div><\/header><\/div><\/div><\/div><\/div><div class=\"rowItem rowInnerItem col-sm-4  btTextLeft\"  ><div class=\"rowItemContent\"><div class=\"btClear btSeparator bottomSmallSpaced noBorder\" ><hr><\/div><div class=\"servicesItem  btIcoAccentColorIcon btIcoExtraSmallSizeIcon\"><div class=\"sIcon\"><span class=\"btIco btIcoExtraSmallSize btIcoDefaultType btIcoAccentColor\"><span  data-ico-es=\"&#xe933;\" class=\"btIcoHolder\"><\/span><\/span><\/div><div class=\"sTxt\"><header class=\"header btClear small\" ><div class=\"btSuperTitle\"><span>WebRTC communication<\/span><\/div><div class=\"dash\"><\/div><div class=\"btSubTitle\">CBA Live Assist supports WebRTC audio and video chat functions in order to communicate with customers. It can also seamlessly integrate with various systems, such as CISCO, AVAYA, GENESYS, and Asterisk IP-PBXs.<\/div><\/header><\/div><\/div><\/div><\/div><div class=\"rowItem rowInnerItem col-sm-4  btTextLeft\"  ><div class=\"rowItemContent\"><div class=\"btClear btSeparator bottomSmallSpaced noBorder\" ><hr><\/div><div class=\"servicesItem  btIcoAccentColorIcon btIcoExtraSmallSizeIcon\"><div class=\"sIcon\"><span class=\"btIco btIcoExtraSmallSize btIcoDefaultType btIcoAccentColor\"><span  data-ico-bs=\"&#xf14a;\" class=\"btIcoHolder\"><\/span><\/span><\/div><div class=\"sTxt\"><header class=\"header btClear small\" ><div class=\"btSuperTitle\"><span>Customization<\/span><\/div><div class=\"dash\"><\/div><div class=\"btSubTitle\">CBA Live Assist closely integrates with existing web-based CRM and apps, which is not always the case with other packaged solutions. CBA Live Assist is highly customizable, filling the needs of your own system.<\/div><\/header><\/div><\/div><\/div><\/div><\/div><\/div><div class=\"boldRow\" ><div class=\"boldRowInner\"><div class=\"rowItem rowInnerItem col-sm-4  btTextLeft\"  ><div class=\"rowItemContent\"><div class=\"btClear btSeparator bottomSmallSpaced noBorder\" ><hr><\/div><div class=\"servicesItem  btIcoAccentColorIcon btIcoExtraSmallSizeIcon\"><div class=\"sIcon\"><span class=\"btIco btIcoExtraSmallSize btIcoDefaultType btIcoAccentColor\"><span  data-ico-bs=\"&#xf18d;\" class=\"btIcoHolder\"><\/span><\/span><\/div><div class=\"sTxt\"><header class=\"header btClear small\" ><div class=\"btSuperTitle\"><span>Quick communication<\/span><\/div><div class=\"dash\"><\/div><div class=\"btSubTitle\">No apps are required to download and install. Customers can simply dive in and start communicating.<\/div><\/header><\/div><\/div><\/div><\/div><div class=\"rowItem rowInnerItem col-sm-4  btTextLeft\"  ><div class=\"rowItemContent\"><div class=\"btClear btSeparator bottomSmallSpaced noBorder\" ><hr><\/div><div class=\"servicesItem  btIcoAccentColorIcon btIcoExtraSmallSizeIcon\"><div class=\"sIcon\"><span class=\"btIco btIcoExtraSmallSize btIcoDefaultType btIcoAccentColor\"><span  data-ico-es=\"&#xe933;\" class=\"btIcoHolder\"><\/span><\/span><\/div><div class=\"sTxt\"><header class=\"header btClear small\" ><div class=\"btSuperTitle\"><span>Enhancement<\/span><\/div><div class=\"dash\"><\/div><div class=\"btSubTitle\">In addition to sharing screens or documents with customers, CBA Live Assist offers input support that enables the operator to assist customers to fill out forms. Personalized customer experiences contributes to maximum customer satisfaction.<\/div><\/header><\/div><\/div><\/div><\/div><div class=\"rowItem rowInnerItem col-sm-4  btTextLeft\"  ><div class=\"rowItemContent\"><div class=\"btClear btSeparator bottomSmallSpaced noBorder\" ><hr><\/div><div class=\"servicesItem  btIcoAccentColorIcon btIcoExtraSmallSizeIcon\"><div class=\"sIcon\"><span class=\"btIco btIcoExtraSmallSize btIcoDefaultType btIcoAccentColor\"><span  data-ico-bs=\"&#xf14a;\" class=\"btIcoHolder\"><\/span><\/span><\/div><div class=\"sTxt\"><header class=\"header btClear small\" ><div class=\"btSuperTitle\"><span>Reliability and stability<\/span><\/div><div class=\"dash\"><\/div><div class=\"btSubTitle\">Award-winning CBA Live Assist has received high marks from a wide variety of clients, such as financial institutions, banks, medical organizations, and insurance companies, including various call centers.<\/div><\/header><\/div><\/div><\/div><\/div><\/div><\/div><\/div><\/div><\/div><\/div><div class=\"boldRow\" ><div class=\"boldRowInner\"><div class=\"rowItem col-md-12 col-ms-12  btTextLeft animate animate-fadein inherit\"  data-width=\"12\"><div class=\"rowItemContent\" ><div class=\"btClear btSeparator bottomSemiSpaced border\" ><hr><\/div><header class=\"header btClear extralarge\" ><div class=\"dash\"><h1><span class=\"headline\">What CBA Live Assist features...<\/span><\/h1><\/div><\/header><\/div><\/div><\/div><\/div><div class=\"boldRow\" ><div class=\"boldRowInner\"><div class=\"rowItem col-md-6 col-sm-12 btTextLeft animate animate-fadein inherit\"  data-width=\"6\"><div class=\"rowItemContent\" ><div class=\"btClear btSeparator bottomSmallSpaced noBorder\" ><hr><\/div><div class=\"servicesItem  btIcoAccentColorIcon btIcoExtraSmallSizeIcon\"><div class=\"sIcon\"><span class=\"btIco btIcoExtraSmallSize btIcoDefaultType btIcoAccentColor\"><span  data-ico-bs=\"&#xf18d;\" class=\"btIcoHolder\"><\/span><\/span><\/div><div class=\"sTxt\"><header class=\"header btClear small\" ><div class=\"btSuperTitle\"><span>1: Audio and video chat<\/span><\/div><div class=\"dash\"><\/div><div class=\"btSubTitle\">Start audio or video chat on your browser, while smoothly switching from either telephone or your web browser as the initial communication channel.\nCustomers can easily select their preferred channel to communicate with you.<\/div><\/header><\/div><\/div><div class=\"btClear btSeparator bottomSmallSpaced noBorder\" ><hr><\/div><div class=\"servicesItem  btIcoAccentColorIcon btIcoExtraSmallSizeIcon\"><div class=\"sIcon\"><span class=\"btIco btIcoExtraSmallSize btIcoDefaultType btIcoAccentColor\"><span  data-ico-es=\"&#xe933;\" class=\"btIcoHolder\"><\/span><\/span><\/div><div class=\"sTxt\"><header class=\"header btClear small\" ><div class=\"btSuperTitle\"><span>Rich customer engagement<\/span><\/div><div class=\"dash\"><\/div><div class=\"btSubTitle\">Screen sharing: Using just a single short code, you can instantly start screen sharing with the customer.\n\nForm-filling: Assist the customer to fill in a form with proper information.\n\nAnnotation: Annotations provided by operators in the shared screen portion graphically illustrate what action is needed.\n\nDocument push: Share various documents with the customer in a smooth and easy interaction.\r<br \/>\r<br \/>Ek a\u00e7\u0131klama: Payla\u015f\u0131lan ekran b\u00f6l\u00fcm\u00fcnde operat\u00f6rler taraf\u0131ndan sa\u011flanan ek a\u00e7\u0131klamalar, hangi i\u015flemin gerekli oldu\u011funu yada hangi form b\u00f6l\u00fcm\u00fcn\u00fcn doldurulaca\u011f\u0131n\u0131 g\u00f6sterir.\r<br \/>\r<br \/>Belge g\u00f6nderme: \u00c7e\u015fitli belgeleri m\u00fc\u015fteriyle sorunsuz ve kolay bir \u015fekilde payla\u015f\u0131n.<\/div><\/header><\/div><\/div><div class=\"btClear btSeparator bottomSmallSpaced noBorder\" ><hr><\/div><div class=\"servicesItem  btIcoAccentColorIcon btIcoExtraSmallSizeIcon\"><div class=\"sIcon\"><span class=\"btIco btIcoExtraSmallSize btIcoDefaultType btIcoAccentColor\"><span  data-ico-bs=\"&#xf14a;\" class=\"btIcoHolder\"><\/span><\/span><\/div><div class=\"sTxt\"><header class=\"header btClear small\" ><div class=\"btSuperTitle\"><span>3: No need to install software<\/span><\/div><div class=\"dash\"><\/div><div class=\"btSubTitle\">WebRTC teknolojisi, t\u00fcm ileti\u015fimin bir web taray\u0131c\u0131s\u0131 \u00fczerinden yap\u0131lmas\u0131n\u0131 sa\u011flar. Hi\u00e7bir ek yaz\u0131l\u0131m\u0131 y\u00fcklemeye veya yap\u0131land\u0131rmaya gerek yoktur. Live Assist&#8217;in zengin i\u015flevlerini bir web taray\u0131c\u0131s\u0131nda verimli bir \u015fekilde kullan\u0131n.<\/div><\/header><\/div><\/div><div class=\"btClear btSeparator bottomSemiSpaced noBorder\" ><hr><\/div><div class=\"servicesItem  btIcoAccentColorIcon btIcoExtraSmallSizeIcon\"><div class=\"sIcon\"><span class=\"btIco btIcoExtraSmallSize btIcoDefaultType btIcoAccentColor\"><span  data-ico-bs=\"&#xf14a;\" class=\"btIcoHolder\"><\/span><\/span><\/div><div class=\"sTxt\"><header class=\"header btClear small\" ><div class=\"btSuperTitle\"><span>4: Security<\/span><\/div><div class=\"dash\"><\/div><div class=\"btSubTitle\">We can tailor our platform to your environment in order to meet your security requirements. Our platform can also be embedded into your own app, which enables you to maintain your existing system and facilities.<\/div><\/header><\/div><\/div><div class=\"btClear btSeparator bottomSemiSpaced noBorder\" ><hr><\/div><div class=\"servicesItem  btIcoAccentColorIcon btIcoExtraSmallSizeIcon\"><div class=\"sIcon\"><span class=\"btIco btIcoExtraSmallSize btIcoDefaultType btIcoAccentColor\"><span  data-ico-bs=\"&#xf14a;\" class=\"btIcoHolder\"><\/span><\/span><\/div><div class=\"sTxt\"><header class=\"header btClear small\" ><div class=\"btSuperTitle\"><span>For \u201cNew Normal\u201d\u200b<\/span><\/div><div class=\"dash\"><\/div><div class=\"btSubTitle\">The COVID-19 pandemic has drastically changed business and working styles. The new standard requires businesses to make a shift toward implementing non-contact customer engagement based on social distancing. Powered by WebRTC, CBA Live Assist can support you so that you can boost customer engagement under the \"new normal\".<\/div><\/header><\/div><\/div><\/div><\/div><div class=\"rowItem col-md-6 col-sm-12 btTextCenter animate animate-fadein inherit\"  data-width=\"6\"><div class=\"rowItemContent\" ><div class=\"btIconImageRow\" ><div class=\"bpgPhoto\" ><div class = \"btImage\"><img decoding=\"async\" src=\"https:\/\/iqfabs.com\/wp-content\/uploads\/2021\/04\/liveAssistDem1.gif\" alt=\"\" title=\"\"><\/div><\/div><\/div><\/div><\/div><\/div><\/div><div class=\"boldRow\" ><div class=\"boldRowInner\"><div class=\"rowItem col-md-12 col-ms-12  btTextLeft animate animate-fadein inherit\"  data-width=\"12\"><div class=\"rowItemContent\" ><div class=\"btClear btSeparator bottomSemiSpaced border\" ><hr><\/div><header class=\"header btClear extralarge\" ><div class=\"dash\"><h1><span class=\"headline\">Use cases<\/span><\/h1><\/div><\/header><\/div><\/div><\/div><\/div><div class=\"boldRow\" ><div class=\"boldRowInner\"><div class=\"rowItem col-md-4 col-ms-12 btTextLeft animate animate-fadein inherit\"  data-width=\"4\"><div class=\"rowItemContent\" ><div class=\"btClear btSeparator bottomSemiSpaced noBorder\" ><hr><\/div><div class=\"servicesItem  btIcoAccentColorIcon btIcoExtraSmallSizeIcon\"><div class=\"sIcon\"><span class=\"btIco btIcoExtraSmallSize btIcoDefaultType btIcoAccentColor\"><span  data-ico-bs=\"&#xf14a;\" class=\"btIcoHolder\"><\/span><\/span><\/div><div class=\"sTxt\"><header class=\"header btClear small\" ><div class=\"btSuperTitle\"><span>Bank<\/span><\/div><div class=\"dash\"><\/div><div class=\"btSubTitle\">CBA Live Assist enables customers to communicate with bank representatives using audio or video chat via the Internet. These reps can share the screen so that they can conduct mortgage or financial consultations while referring to the same materials on both sides.<\/div><\/header><\/div><\/div><\/div><\/div><div class=\"rowItem col-md-4 col-ms-12 btTextLeft animate animate-fadein inherit btDoublePadding\"  data-width=\"4\"><div class=\"rowItemContent\" ><div class=\"btClear btSeparator bottomSemiSpaced noBorder\" ><hr><\/div><div class=\"servicesItem  btIcoAccentColorIcon btIcoExtraSmallSizeIcon\"><div class=\"sIcon\"><span class=\"btIco btIcoExtraSmallSize btIcoDefaultType btIcoAccentColor\"><span  data-ico-bs=\"&#xf14a;\" class=\"btIcoHolder\"><\/span><\/span><\/div><div class=\"sTxt\"><header class=\"header btClear small\" ><div class=\"btSuperTitle\"><span>Insurance firm<\/span><\/div><div class=\"dash\"><\/div><div class=\"btSubTitle\">Subscribing to an insurance service requires a customer to fill in a contract form. Some customers may find it challenging to understand which portion they need to fill and with what information. Screen sharing and annotation can support such customers. This kind of support will increase customer satisfaction as well as the number of subscribers.<\/div><\/header><\/div><\/div><\/div><\/div><div class=\"rowItem col-md-4 col-ms-12 btTextLeft\"  data-width=\"4\"><div class=\"rowItemContent\" ><div class=\"btClear btSeparator bottomSemiSpaced noBorder\" ><hr><\/div><div class=\"servicesItem  btIcoAccentColorIcon btIcoExtraSmallSizeIcon\"><div class=\"sIcon\"><span class=\"btIco btIcoExtraSmallSize btIcoDefaultType btIcoAccentColor\"><span  data-ico-bs=\"&#xf14a;\" class=\"btIcoHolder\"><\/span><\/span><\/div><div class=\"sTxt\"><header class=\"header btClear small\" ><div class=\"btSuperTitle\"><span>Medical organization<\/span><\/div><div class=\"dash\"><\/div><div class=\"btSubTitle\">CBA Live Assist\u2019s audio and video chat enables telemedicine using a web browser. Increasing the contact points for patients helps healthcare institutions offer medical services with consideration for the patient\u2019s feelings. Telemedicine powered by CBA Live Assist as a non-contact medical service provides the healthcare industry with the flexibility that fits the new normal.<\/div><\/header><\/div><\/div><\/div><\/div><\/div><\/div><div class=\"boldRow\" ><div class=\"boldRowInner\"><div class=\"rowItem col-md-4 col-ms-12 btTextLeft animate animate-fadein inherit\"  data-width=\"4\"><div class=\"rowItemContent\" ><div class=\"btClear btSeparator bottomSemiSpaced noBorder\" ><hr><\/div><div class=\"servicesItem  btIcoAccentColorIcon btIcoExtraSmallSizeIcon\"><div class=\"sIcon\"><span class=\"btIco btIcoExtraSmallSize btIcoDefaultType btIcoAccentColor\"><span  data-ico-bs=\"&#xf14a;\" class=\"btIcoHolder\"><\/span><\/span><\/div><div class=\"sTxt\"><header class=\"header btClear small\" ><div class=\"btSuperTitle\"><span>Call center<\/span><\/div><div class=\"dash\"><\/div><div class=\"btSubTitle\">Starting an audio chat on a web browser eliminates the use of toll-free 800 numbers. Even though a customer starts interaction via telephone, screen sharing makes the communication easier. CBA Live Assist can also be integrated with the first-class omnichannel contact center solution, Bright Pattern. Feel free to consult with us.<\/div><\/header><\/div><\/div><\/div><\/div><div class=\"rowItem col-md-4 col-ms-12 btTextLeft animate animate-fadein inherit btDoublePadding\"  data-width=\"4\"><div class=\"rowItemContent\" ><div class=\"btClear btSeparator bottomSemiSpaced noBorder\" ><hr><\/div><div class=\"servicesItem  btIcoAccentColorIcon btIcoExtraSmallSizeIcon\"><div class=\"sIcon\"><span class=\"btIco btIcoExtraSmallSize btIcoDefaultType btIcoAccentColor\"><span  data-ico-bs=\"&#xf14a;\" class=\"btIcoHolder\"><\/span><\/span><\/div><div class=\"sTxt\"><header class=\"header btClear small\" ><div class=\"btSuperTitle\"><span>Shopping<\/span><\/div><div class=\"dash\"><\/div><div class=\"btSubTitle\">Customers do not have to come to physical stores anymore. Store clerks can connect with them via browser-based video chat, giving detailed explanations about each item. Unlike ordinary online shopping, customers can visually check their preferred items through video chat. CBA Live Assist can bring about new added value for customers by using a mobile app with CBA Live Assist embedded.<\/div><\/header><\/div><\/div><\/div><\/div><div class=\"rowItem col-md-4 col-ms-12 btTextLeft\"  data-width=\"4\"><div class=\"rowItemContent\" ><\/div><\/div><\/div><\/div><div class=\"boldRow\" ><div class=\"boldRowInner\"><div class=\"rowItem col-md-12 col-ms-12  btTextCenter animate animate-fadein inherit\"  data-width=\"12\"><div class=\"rowItemContent\" ><div class=\"btClear btSeparator bottomSemiSpaced border\" ><hr><\/div><\/div><\/div><\/div><\/div><\/div><\/div><\/div><\/section>","protected":false},"excerpt":{"rendered":"<p>\t\t\t\tEfficiently unleash cross-media information without cross-media value. Quickly maximize timely deliverables for real-time schemas.\t\t<\/p>","protected":false},"author":1,"featured_media":0,"parent":2425,"menu_order":1,"comment_status":"closed","ping_status":"closed","template":"","meta":{"footnotes":""},"class_list":["post-2313","page","type-page","status-publish","hentry"],"_links":{"self":[{"href":"https:\/\/iqfabs.com\/en\/wp-json\/wp\/v2\/pages\/2313","targetHints":{"allow":["GET"]}}],"collection":[{"href":"https:\/\/iqfabs.com\/en\/wp-json\/wp\/v2\/pages"}],"about":[{"href":"https:\/\/iqfabs.com\/en\/wp-json\/wp\/v2\/types\/page"}],"author":[{"embeddable":true,"href":"https:\/\/iqfabs.com\/en\/wp-json\/wp\/v2\/users\/1"}],"replies":[{"embeddable":true,"href":"https:\/\/iqfabs.com\/en\/wp-json\/wp\/v2\/comments?post=2313"}],"version-history":[{"count":18,"href":"https:\/\/iqfabs.com\/en\/wp-json\/wp\/v2\/pages\/2313\/revisions"}],"predecessor-version":[{"id":2373,"href":"https:\/\/iqfabs.com\/en\/wp-json\/wp\/v2\/pages\/2313\/revisions\/2373"}],"up":[{"embeddable":true,"href":"https:\/\/iqfabs.com\/en\/wp-json\/wp\/v2\/pages\/2425"}],"wp:attachment":[{"href":"https:\/\/iqfabs.com\/en\/wp-json\/wp\/v2\/media?parent=2313"}],"curies":[{"name":"wp","href":"https:\/\/api.w.org\/{rel}","templated":true}]}}