{"id":2857,"date":"2024-05-30T09:59:32","date_gmt":"2024-05-30T09:59:32","guid":{"rendered":"https:\/\/iqfabs.com\/?page_id=2857"},"modified":"2024-05-30T12:52:43","modified_gmt":"2024-05-30T12:52:43","slug":"e-ticaret-cozumleri","status":"publish","type":"page","link":"https:\/\/iqfabs.com\/en\/servislerimiz\/bilgi-teknolojileri\/e-ticaret-cozumleri\/","title":{"rendered":"e-ticaret-cozumleri"},"content":{"rendered":"<section id=\"bt_section69e234e3f3ea2\"  class=\"boldSection topExtraSmallSpaced bottomExtraSmallSpaced btLightSkin gutter inherit\" ><div class=\"port\"><div class=\"boldCell\"><div class=\"boldCellInner\"><div class=\"boldRow\" ><div class=\"boldRowInner\"><div class=\"rowItem col-md-12 col-ms-12  btTextLeft animate animate-fadein inherit\"  data-width=\"12\"><div class=\"rowItemContent\" ><div class=\"btClear btSeparator bottomExtraSmallSpaced border\" ><hr><\/div><div class=\"bpgPhoto\" ><div class = \"btImage\"><img decoding=\"async\" src=\"https:\/\/iqfabs.com\/wp-content\/uploads\/2024\/05\/e-ticaret-banner.jpg\" alt=\"\" title=\"\"><\/div><\/div><div class=\"btClear btSeparator bottomExtraSmallSpaced border\" ><hr><\/div><header class=\"header btClear extralarge\" ><div class=\"dash\"><h1><span class=\"headline\">E-ticaret \u00c7\u00f6z\u00fcmleri<\/span><\/h1><\/div><div class=\"btSubTitle\">\r<br>\r<br><\/div><\/header><\/div><\/div><\/div><\/div><div class=\"boldRow\" ><div class=\"boldRowInner\"><div class=\"rowItem col-md-6 col-sm-12 btTextLeft animate animate-fadein inherit\"  data-width=\"6\"><div class=\"rowItemContent\" ><div class=\"btClear btSeparator bottomSmallSpaced noBorder\" ><hr><\/div><header class=\"header btClear small\" ><div class=\"dash\"><\/div><div class=\"btSubTitle\">We make a difference in the Project Management and partner with you in your enterprise Programs\/Projects by leveraging our:\r<br>\r<br>Experience\r<br>Integrity\r<br>Leadership and collaboration skills\r<br>Resilience\r<br>\r<br>Our industry expertise includes utilities, pharma, public services, higher education, A&amp;D (Aerospace and Defense), CPG (Consumer Packaged Goods), automation, retail, chemical, gas, high tech, automotive, energy, banking, electronic, electro-technique and engineering.\r<br>\r<br>Make an appointment today to discuss your needs with our capabilities.<\/div><\/header><\/div><\/div><div class=\"rowItem col-md-6 col-sm-12 btTextCenter animate animate-fadein inherit\"  data-width=\"6\"><div class=\"rowItemContent\" ><div class=\"btClear btSeparator bottomSmallSpaced noBorder\" ><hr><\/div><div class=\"bpgPhoto\" ><div class = \"btImage\"><img decoding=\"async\" src=\"https:\/\/iqfabs.com\/wp-content\/uploads\/2021\/04\/Projekt-Management-e1664770571561.jpg\" alt=\"\" title=\"\"><\/div><\/div><\/div><\/div><\/div><\/div><div class=\"boldRow\" ><div class=\"boldRowInner\"><div class=\"rowItem col-md-12 col-ms-12  btTextCenter animate animate-fadein inherit\"  data-width=\"12\"><div class=\"rowItemContent\" ><div class=\"btClear btSeparator bottomSemiSpaced border\" ><hr><\/div><\/div><\/div><\/div><\/div><\/div><\/div><\/div><\/section>","protected":false},"excerpt":{"rendered":"","protected":false},"author":1,"featured_media":0,"parent":2425,"menu_order":2,"comment_status":"closed","ping_status":"closed","template":"","meta":{"footnotes":""},"class_list":["post-2857","page","type-page","status-publish","hentry"],"_links":{"self":[{"href":"https:\/\/iqfabs.com\/en\/wp-json\/wp\/v2\/pages\/2857","targetHints":{"allow":["GET"]}}],"collection":[{"href":"https:\/\/iqfabs.com\/en\/wp-json\/wp\/v2\/pages"}],"about":[{"href":"https:\/\/iqfabs.com\/en\/wp-json\/wp\/v2\/types\/page"}],"author":[{"embeddable":true,"href":"https:\/\/iqfabs.com\/en\/wp-json\/wp\/v2\/users\/1"}],"replies":[{"embeddable":true,"href":"https:\/\/iqfabs.com\/en\/wp-json\/wp\/v2\/comments?post=2857"}],"version-history":[{"count":2,"href":"https:\/\/iqfabs.com\/en\/wp-json\/wp\/v2\/pages\/2857\/revisions"}],"predecessor-version":[{"id":2861,"href":"https:\/\/iqfabs.com\/en\/wp-json\/wp\/v2\/pages\/2857\/revisions\/2861"}],"up":[{"embeddable":true,"href":"https:\/\/iqfabs.com\/en\/wp-json\/wp\/v2\/pages\/2425"}],"wp:attachment":[{"href":"https:\/\/iqfabs.com\/en\/wp-json\/wp\/v2\/media?parent=2857"}],"curies":[{"name":"wp","href":"https:\/\/api.w.org\/{rel}","templated":true}]}}